{"id":401,"date":"2020-04-14T05:46:45","date_gmt":"2020-04-14T05:46:45","guid":{"rendered":"https:\/\/www.askla.es\/politica-de-privacidad\/"},"modified":"2021-09-23T08:03:10","modified_gmt":"2021-09-23T08:03:10","slug":"politica-de-privacidad","status":"publish","type":"page","link":"https:\/\/www.askla.es\/an\/politica-de-privacidad\/","title":{"rendered":"Pol\u00edtica de privacidad"},"content":{"rendered":"\n<p>Responsable<\/p>\n\n\n\n<p><strong>Identidad:&nbsp;<\/strong> Pako Cerezuela Escuder<br><strong>NIF:<\/strong> 24350223P<br><strong>Domicilio social:<\/strong>&nbsp; Pol. Industrial de Galve. Parcela A y B (44168) Galve. Teruel<strong> Tel\u00e9fono:<\/strong>&nbsp; 637467277<br><strong>Correo Electr\u00f3nico:<\/strong>&nbsp;hacedor.askla@gmail.com<br><strong>Nombre del dominio:&nbsp;<\/strong> www.askla.es<\/p>\n\n\n\n<p><strong>Finalidades \u2013 \u00bfcon qu\u00e9 finalidades tratamos tus datos?<\/strong><\/p>\n\n\n\n<p>En cumplimiento de lo dispuesto en el Reglamento Europeo 2016\/679 General de Protecci\u00f3n de Datos, te informamos de que trataremos los datos que nos facilitas para:<\/p>\n\n\n\n<p>-Gestionar la contrataci\u00f3n de servicios que realice a trav\u00e9s de la plataforma, as\u00ed como la facturaci\u00f3n y entrega correspondiente.<\/p>\n\n\n\n<p>-Dar cumplimiento a las obligaciones legalmente establecidas, as\u00ed como verificar el cumplimiento de las obligaciones contractuales, incluida la prevenci\u00f3n de fraude.<\/p>\n\n\n\n<p>-Cesi\u00f3n de datos a organismos y autoridades, siempre y cuando sean requeridos de conformidad con las disposiciones legales y reglamentarias.<\/p>\n\n\n\n<p>\u2013<strong>Categor\u00edas de datos \u2013 \u00bfQu\u00e9 datos tratamos?<\/strong><\/p>\n\n\n\n<p>Derivada de las finalidades antes mencionadas, gestionamos las siguientes categor\u00edas de datos:<\/p>\n\n\n\n<p>-Datos identificativos<\/p>\n\n\n\n<p>-Metadatos de comunicaciones electr\u00f3nicas.<\/p>\n\n\n\n<p>-Datos de informaci\u00f3n comercial. En caso de que el usuario facilite datos de terceros, manifiesta contar con el consentimiento de estos y se compromete a trasladarle la informaci\u00f3n contenida en esta cl\u00e1usula, eximiendo de cualquier responsabilidad en este sentido.<\/p>\n\n\n\n<p>-No obstante, podr\u00e1 llevar a cabo las verificaciones para constatar este hecho, adoptando las medidas de diligencia debida que correspondan, conforme a la normativa de protecci\u00f3n de datos.<\/p>\n\n\n\n<p><strong>-Legitimaci\u00f3n \u2013 \u00bfcu\u00e1l es la legitimaci\u00f3n para el tratamiento de tus datos?<\/strong><\/p>\n\n\n\n<p>El tratamiento de datos cuyo fin es el env\u00edo de boletines peri\u00f3dicos (\u201cnewslettering\u201d) sobre servicios, eventos y noticias relacionadas con nuestra actividad profesional se basa en el consentimiento del interesado, solicitado expresamente para llevar a cabo dichos tratamientos, de acuerdo con la normativa vigente.<\/p>\n\n\n\n<p><br>Adem\u00e1s, la legitimaci\u00f3n para el tratamiento de los datos relacionados con ofertas o colaboraciones se basan en el consentimiento del usuario que remite sus datos, que puede retirar en cualquier momento, si bien ello puede afectar a la posible comunicaci\u00f3n de forma fluida y obstrucci\u00f3n de procesos que desea realizar.<\/p>\n\n\n\n<p><br><strong>Por \u00faltimo, los datos se podr\u00e1n utilizar para dar cumplimiento a las obligaciones legales aplicables a:<\/strong><\/p>\n\n\n\n<p>-Plazo de Conservaci\u00f3n de los Datos \u2013 \u00bfPor cu\u00e1nto tiempo conservaremos tus datos? Se conservar\u00e1n los datos personales de los usuarios \u00fanicamente durante el tiempo necesario para la realizaci\u00f3n de las finalidades para las que fueron recogidos, mientras no revoques los consentimientos otorgados. Posteriormente, en caso de ser necesario, se mantendr\u00e1 la informaci\u00f3n bloqueada durante los plazos legalmente establecidos.<\/p>\n\n\n\n<p>-Destinatarios \u00bfA qu\u00e9 destinatarios se comunicar\u00e1n tus datos?<\/p>\n\n\n\n<p>-Tus datos podr\u00e1n ser accedidos por aquellos proveedores que prestan servicios a www.askla.es, tales como servicios de alojamiento, herramientas de marketing y sistemas de contenido u otros profesionales, cuando dicha comunicaci\u00f3n sea necesaria normativamente, o para la ejecuci\u00f3n de los servicios contratados.<br><br>&#8211; www.askla.es ha suscrito los correspondientes contratos de encargo de tratamiento con cada uno de los proveedores que le prestan servicio, con el objetivo de garantizar que dichos proveedores tratar\u00e1n tus datos de conformidad con lo establecido en la legislaci\u00f3n vigente.<br><br>-Tambi\u00e9n podr\u00e1n ser cedidos a las Fuerzas y Cuerpos de Seguridad del Estado en los casos que exista una obligaci\u00f3n legal.<br><br>-Bancos y entidades financieras, para el cobro de los servicios.<\/p>\n\n\n\n<p>-Administraciones p\u00fablicas con competencia en los sectores de actividad, cuando as\u00ed lo establezca la normativa vigente.<\/p>\n\n\n\n<p><strong>Seguridad de la Informaci\u00f3n \u2013 \u00bfQu\u00e9 medidas de seguridad implantamos para cuidar tus datos?<\/strong><\/p>\n\n\n\n<p>Para proteger las diferentes tipolog\u00edas de datos reflejados en esta pol\u00edtica de privacidad, se llevar\u00e1n a cabo las medidas de seguridad t\u00e9cnicas necesarias para evitar su p\u00e9rdida, manipulaci\u00f3n, difusi\u00f3n o alteraci\u00f3n.<\/p>\n\n\n\n<p>Encriptaci\u00f3n de las comunicaciones entre el dispositivo del usuario y los servidores de Site Ground Spain S.L.<\/p>\n\n\n\n<p>Encriptaci\u00f3n de la informaci\u00f3n en los propios servidores de Site Ground Spain S.L.<\/p>\n\n\n\n<p>Otras medidas que eviten el acceso a los datos del usuario por parte de terceros.<\/p>\n\n\n\n<p>En aquellos casos en los que cuente con prestadores de servicio para el mantenimiento de la plataforma que se encuentren fuera de la Uni\u00f3n Europea, estas trasferencias internacionales se hayan regularizadas atendiendo al compromiso con la protecci\u00f3n, integridad y seguridad de los datos personales de los usuarios.<\/p>\n\n\n\n<p><strong>Derechos \u2013 \u00bfCu\u00e1les son tus derechos cuando nos facilitas tus datos y c\u00f3mo puedes ejercerlos?<\/strong><\/p>\n\n\n\n<p>Tienes derecho a obtener confirmaci\u00f3n sobre si estamos tratando datos personales que te conciernan o no.<br><br>Asimismo, tienes derecho a acceder a tus datos personales, as\u00ed como a solicitar la rectificaci\u00f3n de los datos inexactos o, en su caso, solicitar su supresi\u00f3n cuando, entre otros motivos, los datos ya no sean necesarios para los fines que fueron recogidos.<br><br>En determinadas circunstancias, podr\u00e1s solicitar la limitaci\u00f3n del tratamiento de tus datos, en cuyo caso, \u00fanicamente los conservaremos para el ejercicio o la defensa de reclamaciones.<\/p>\n\n\n\n<p>En determinadas circunstancias y por motivos relacionados con tu situaci\u00f3n particular, podr\u00e1s oponerte al tratamiento de tus datos. www.askla.es dejar\u00e1 de tratar los datos, salvo por motivos leg\u00edtimos imperiosos, o el ejercicio o la defensa de posibles reclamaciones.<br><br>Asimismo, puedes ejercer el derecho a la portabilidad de los datos, as\u00ed como retirar los consentimientos facilitados en cualquier momento, sin que ello afecte a la licitud del tratamiento basado en el consentimiento previo a su retirada.<br><br>Si deseas hacer uso de cualquiera de tus derechos puede dirigirse a&nbsp;www.askla.es<br>Por \u00faltimo, te informamos que puedes dirigirte ante la Agencia Espa\u00f1ola de Protecci\u00f3n de Datos y dem\u00e1s organismos p\u00fablicos competentes para cualquier reclamaci\u00f3n derivada del tratamiento de tus datos personales.<\/p>\n\n\n\n<p><strong>Modificaci\u00f3n de la pol\u00edtica de privacidad<\/strong><\/p>\n\n\n\n<p>www.askla.es podr\u00e1 modificar la presente Pol\u00edtica de Privacidad en cualquier momento, siendo publicadas las sucesivas versiones en el sitio web. En cualquier caso, se comunicar\u00e1n con previo aviso las modificaciones de la presente pol\u00edtica que afecten a los usuarios a fin de que puedan aceptar las mismas.<br><br>La presente Pol\u00edtica de Privacidad se encuentra actualizada a fecha 14\/01\/2019 (Espa\u00f1a). Reservados todos los derechos.<br><br>Si lo deseas tambi\u00e9n puedes consultar nuestra&nbsp;<a href=\"https:\/\/www.askla.es\/an\/politica-de-cookies\/\" target=\"_blank\" rel=\"noreferrer noopener\">Pol\u00edtica de Cookies<\/a><\/p>\n","protected":false},"excerpt":{"rendered":"<p>Responsable Identidad:&nbsp; Pako Cerezuela EscuderNIF: 24350223PDomicilio social:&nbsp; Pol. Industrial de Galve. Parcela A y B (44168) Galve. Teruel Tel\u00e9fono:&nbsp; 637467277Correo Electr\u00f3nico:&nbsp;hacedor.askla@gmail.comNombre del dominio:&nbsp; www.askla.es Finalidades \u2013 \u00bfcon qu\u00e9 finalidades tratamos tus datos? En cumplimiento de lo dispuesto en el Reglamento Europeo 2016\/679 General de Protecci\u00f3n de Datos, te informamos de que trataremos los datos que [&hellip;]<\/p>\n","protected":false},"author":2,"featured_media":0,"parent":0,"menu_order":0,"comment_status":"closed","ping_status":"closed","template":"","meta":{"footnotes":""},"class_list":["post-401","page","type-page","status-publish","hentry"],"_links":{"self":[{"href":"https:\/\/www.askla.es\/an\/wp-json\/wp\/v2\/pages\/401","targetHints":{"allow":["GET"]}}],"collection":[{"href":"https:\/\/www.askla.es\/an\/wp-json\/wp\/v2\/pages"}],"about":[{"href":"https:\/\/www.askla.es\/an\/wp-json\/wp\/v2\/types\/page"}],"author":[{"embeddable":true,"href":"https:\/\/www.askla.es\/an\/wp-json\/wp\/v2\/users\/2"}],"replies":[{"embeddable":true,"href":"https:\/\/www.askla.es\/an\/wp-json\/wp\/v2\/comments?post=401"}],"version-history":[{"count":1,"href":"https:\/\/www.askla.es\/an\/wp-json\/wp\/v2\/pages\/401\/revisions"}],"predecessor-version":[{"id":402,"href":"https:\/\/www.askla.es\/an\/wp-json\/wp\/v2\/pages\/401\/revisions\/402"}],"wp:attachment":[{"href":"https:\/\/www.askla.es\/an\/wp-json\/wp\/v2\/media?parent=401"}],"curies":[{"name":"wp","href":"https:\/\/api.w.org\/{rel}","templated":true}]}}