{"id":366,"date":"2021-09-15T08:32:55","date_gmt":"2021-09-15T08:32:55","guid":{"rendered":"https:\/\/www.askla.es\/?page_id=366"},"modified":"2021-09-15T08:32:57","modified_gmt":"2021-09-15T08:32:57","slug":"que-amenistas","status":"publish","type":"page","link":"https:\/\/www.askla.es\/an\/esposizion\/que-amenistas\/","title":{"rendered":"Que amenistas"},"content":{"rendered":"\n<h3 class=\"wp-block-heading\">Demanda per ixa boquica<\/h3>\n\n\n\n<p>\u00a1Charram\u00e9! Metete en contauto con yo y trestallalo con m\u00ed.<br>Sabes que quies fer pero no sabes c\u00f3mo? Yo me foi cargo.<\/p>\n\n\n\n<p>Te foi presupuesto sin garra comprom\u00eds.<\/p>\n\n\n\n<figure class=\"wp-block-gallery columns-3 is-cropped wp-block-gallery-1 is-layout-flex wp-block-gallery-is-layout-flex\"><ul class=\"blocks-gallery-grid\"><li class=\"blocks-gallery-item\"><figure><a href=\"https:\/\/www.askla.es\/wp-content\/uploads\/2020\/09\/mesa-centro-askla.jpg\"><img loading=\"lazy\" decoding=\"async\" width=\"1000\" height=\"1000\" src=\"https:\/\/www.askla.es\/wp-content\/uploads\/2020\/09\/mesa-centro-askla.jpg\" alt=\"\" data-id=\"333\" data-link=\"https:\/\/www.askla.es\/exposicion\/tus-necesidades-pide-por-esa-boquita\/mesa-centro-askla\/\" class=\"wp-image-333\"\/><\/a><\/figure><\/li><li class=\"blocks-gallery-item\"><figure><a href=\"https:\/\/www.askla.es\/wp-content\/uploads\/2020\/09\/amonite-1-askla.jpg\"><img loading=\"lazy\" decoding=\"async\" width=\"1000\" height=\"1000\" src=\"https:\/\/www.askla.es\/wp-content\/uploads\/2020\/09\/amonite-1-askla.jpg\" alt=\"\" data-id=\"337\" data-link=\"https:\/\/www.askla.es\/exposicion\/tus-necesidades-pide-por-esa-boquita\/amonite-1-askla\/\" class=\"wp-image-337\"\/><\/a><\/figure><\/li><li class=\"blocks-gallery-item\"><figure><a href=\"https:\/\/www.askla.es\/wp-content\/uploads\/2020\/09\/arbol-1-askla.jpg\"><img loading=\"lazy\" decoding=\"async\" width=\"1000\" height=\"1000\" src=\"https:\/\/www.askla.es\/wp-content\/uploads\/2020\/09\/arbol-1-askla.jpg\" alt=\"\" data-id=\"339\" data-link=\"https:\/\/www.askla.es\/exposicion\/tus-necesidades-pide-por-esa-boquita\/arbol-1-askla\/\" class=\"wp-image-339\"\/><\/a><\/figure><\/li><li class=\"blocks-gallery-item\"><figure><a href=\"https:\/\/www.askla.es\/wp-content\/uploads\/2020\/09\/logo-1-askla.jpg\"><img loading=\"lazy\" decoding=\"async\" width=\"1000\" height=\"1000\" src=\"https:\/\/www.askla.es\/wp-content\/uploads\/2020\/09\/logo-1-askla.jpg\" alt=\"\" data-id=\"340\" data-full-url=\"https:\/\/www.askla.es\/wp-content\/uploads\/2020\/09\/logo-1-askla.jpg\" data-link=\"https:\/\/www.askla.es\/exposicion\/tus-necesidades-pide-por-esa-boquita\/logo-1-askla\/\" class=\"wp-image-340\"\/><\/a><\/figure><\/li><li class=\"blocks-gallery-item\"><figure><a href=\"https:\/\/www.askla.es\/wp-content\/uploads\/2020\/09\/mecedora-1-askla.jpg\"><img loading=\"lazy\" decoding=\"async\" width=\"1000\" height=\"1000\" src=\"https:\/\/www.askla.es\/wp-content\/uploads\/2020\/09\/mecedora-1-askla.jpg\" alt=\"\" data-id=\"341\" data-full-url=\"https:\/\/www.askla.es\/wp-content\/uploads\/2020\/09\/mecedora-1-askla.jpg\" data-link=\"https:\/\/www.askla.es\/exposicion\/tus-necesidades-pide-por-esa-boquita\/mecedora-1-askla\/\" class=\"wp-image-341\"\/><\/a><\/figure><\/li><li class=\"blocks-gallery-item\"><figure><a href=\"https:\/\/www.askla.es\/wp-content\/uploads\/2020\/09\/mostrador-1-askla.jpg\"><img loading=\"lazy\" decoding=\"async\" width=\"1000\" height=\"1000\" src=\"https:\/\/www.askla.es\/wp-content\/uploads\/2020\/09\/mostrador-1-askla.jpg\" alt=\"\" data-id=\"342\" data-full-url=\"https:\/\/www.askla.es\/wp-content\/uploads\/2020\/09\/mostrador-1-askla.jpg\" data-link=\"https:\/\/www.askla.es\/exposicion\/tus-necesidades-pide-por-esa-boquita\/mostrador-1-askla\/\" class=\"wp-image-342\"\/><\/a><\/figure><\/li><li class=\"blocks-gallery-item\"><figure><a href=\"https:\/\/www.askla.es\/wp-content\/uploads\/2020\/09\/mostrador-2-askla.jpg\"><img loading=\"lazy\" decoding=\"async\" width=\"1000\" height=\"1000\" src=\"https:\/\/www.askla.es\/wp-content\/uploads\/2020\/09\/mostrador-2-askla.jpg\" alt=\"\" data-id=\"343\" data-full-url=\"https:\/\/www.askla.es\/wp-content\/uploads\/2020\/09\/mostrador-2-askla.jpg\" data-link=\"https:\/\/www.askla.es\/exposicion\/tus-necesidades-pide-por-esa-boquita\/mostrador-2-askla\/\" class=\"wp-image-343\"\/><\/a><\/figure><\/li><\/ul><\/figure>\n","protected":false},"excerpt":{"rendered":"<p>Demanda per ixa boquica \u00a1Charram\u00e9! Metete en contauto con yo y trestallalo con m\u00ed.Sabes que quies fer pero no sabes c\u00f3mo? Yo me foi cargo. Te foi presupuesto sin garra comprom\u00eds.<\/p>\n","protected":false},"author":2,"featured_media":0,"parent":386,"menu_order":1,"comment_status":"closed","ping_status":"closed","template":"","meta":{"footnotes":""},"class_list":["post-366","page","type-page","status-publish","hentry"],"_links":{"self":[{"href":"https:\/\/www.askla.es\/an\/wp-json\/wp\/v2\/pages\/366","targetHints":{"allow":["GET"]}}],"collection":[{"href":"https:\/\/www.askla.es\/an\/wp-json\/wp\/v2\/pages"}],"about":[{"href":"https:\/\/www.askla.es\/an\/wp-json\/wp\/v2\/types\/page"}],"author":[{"embeddable":true,"href":"https:\/\/www.askla.es\/an\/wp-json\/wp\/v2\/users\/2"}],"replies":[{"embeddable":true,"href":"https:\/\/www.askla.es\/an\/wp-json\/wp\/v2\/comments?post=366"}],"version-history":[{"count":1,"href":"https:\/\/www.askla.es\/an\/wp-json\/wp\/v2\/pages\/366\/revisions"}],"predecessor-version":[{"id":367,"href":"https:\/\/www.askla.es\/an\/wp-json\/wp\/v2\/pages\/366\/revisions\/367"}],"up":[{"embeddable":true,"href":"https:\/\/www.askla.es\/an\/wp-json\/wp\/v2\/pages\/386"}],"wp:attachment":[{"href":"https:\/\/www.askla.es\/an\/wp-json\/wp\/v2\/media?parent=366"}],"curies":[{"name":"wp","href":"https:\/\/api.w.org\/{rel}","templated":true}]}}