{"id":363,"date":"2021-09-15T08:30:10","date_gmt":"2021-09-15T08:30:10","guid":{"rendered":"https:\/\/www.askla.es\/?page_id=363"},"modified":"2021-09-15T08:31:10","modified_gmt":"2021-09-15T08:31:10","slug":"creyazions","status":"publish","type":"page","link":"https:\/\/www.askla.es\/an\/esposizion\/creyazions\/","title":{"rendered":"Creyazions"},"content":{"rendered":"\n<h3 class=\"wp-block-heading\">Cosecha de yo<\/h3>\n\n\n\n<p><\/p>\n\n\n\n<p>Asti pues beyer una mica de treballos reyalizados y dise\u00f1ados con o m\u00edo cu\u00f1o de Askla.<br>Deng\u00fan proyeuto ye o mesmo que otri, cada ideya ye prexinada ta un puesto y una presona determinada.<\/p>\n\n\n\n<p><em><strong>Cada creyaci\u00f3n tiene a suya esenzia.<\/strong><\/em><\/p>\n\n\n\n<figure class=\"wp-block-gallery columns-3 is-cropped wp-block-gallery-1 is-layout-flex wp-block-gallery-is-layout-flex\"><ul class=\"blocks-gallery-grid\"><li class=\"blocks-gallery-item\"><figure><a href=\"https:\/\/www.askla.es\/wp-content\/uploads\/2020\/09\/altavoz-1-creaciones-askla.jpg\"><img loading=\"lazy\" decoding=\"async\" width=\"1000\" height=\"1000\" src=\"https:\/\/www.askla.es\/wp-content\/uploads\/2020\/09\/altavoz-1-creaciones-askla.jpg\" alt=\"altavoz-1-creaciones-askla\" data-id=\"330\" data-full-url=\"https:\/\/www.askla.es\/wp-content\/uploads\/2020\/09\/altavoz-1-creaciones-askla.jpg\" data-link=\"https:\/\/www.askla.es\/exposicion\/creaciones-con-mi-sello\/altavoz-1-creaciones-askla\/\" class=\"wp-image-330\"\/><\/a><\/figure><\/li><li class=\"blocks-gallery-item\"><figure><a href=\"https:\/\/www.askla.es\/wp-content\/uploads\/2020\/09\/altavoz-2-creaciones-askla.jpg\"><img loading=\"lazy\" decoding=\"async\" width=\"1000\" height=\"1000\" src=\"https:\/\/www.askla.es\/wp-content\/uploads\/2020\/09\/altavoz-2-creaciones-askla.jpg\" alt=\"altavoz-2-creaciones-askla\" data-id=\"331\" data-full-url=\"https:\/\/www.askla.es\/wp-content\/uploads\/2020\/09\/altavoz-2-creaciones-askla.jpg\" data-link=\"https:\/\/www.askla.es\/exposicion\/creaciones-con-mi-sello\/altavoz-2-creaciones-askla\/\" class=\"wp-image-331\"\/><\/a><\/figure><\/li><li class=\"blocks-gallery-item\"><figure><a href=\"https:\/\/www.askla.es\/wp-content\/uploads\/2020\/09\/tiradores-02-creaciones-askla.jpg\"><img loading=\"lazy\" decoding=\"async\" width=\"1000\" height=\"1000\" src=\"https:\/\/www.askla.es\/wp-content\/uploads\/2020\/09\/tiradores-02-creaciones-askla.jpg\" alt=\"tiradores-02-creaciones-askla\" data-id=\"310\" data-full-url=\"https:\/\/www.askla.es\/wp-content\/uploads\/2020\/09\/tiradores-02-creaciones-askla.jpg\" data-link=\"https:\/\/www.askla.es\/tiradores-02-creaciones-askla\/\" class=\"wp-image-310\"\/><\/a><\/figure><\/li><li class=\"blocks-gallery-item\"><figure><a href=\"https:\/\/www.askla.es\/wp-content\/uploads\/2020\/09\/tiradores-01-creaciones-askla.jpg\"><img loading=\"lazy\" decoding=\"async\" width=\"1000\" height=\"1000\" src=\"https:\/\/www.askla.es\/wp-content\/uploads\/2020\/09\/tiradores-01-creaciones-askla.jpg\" alt=\"tiradores-01-creaciones-askla\" data-id=\"309\" data-full-url=\"https:\/\/www.askla.es\/wp-content\/uploads\/2020\/09\/tiradores-01-creaciones-askla.jpg\" data-link=\"https:\/\/www.askla.es\/tiradores-01-creaciones-askla\/\" class=\"wp-image-309\"\/><\/a><\/figure><\/li><li class=\"blocks-gallery-item\"><figure><a href=\"https:\/\/www.askla.es\/wp-content\/uploads\/2020\/09\/tirador-01-creaciones-askla.jpg\"><img loading=\"lazy\" decoding=\"async\" width=\"1000\" height=\"1000\" src=\"https:\/\/www.askla.es\/wp-content\/uploads\/2020\/09\/tirador-01-creaciones-askla.jpg\" alt=\"tirador-01-creaciones-askla\" data-id=\"308\" data-full-url=\"https:\/\/www.askla.es\/wp-content\/uploads\/2020\/09\/tirador-01-creaciones-askla.jpg\" data-link=\"https:\/\/www.askla.es\/tirador-01-creaciones-askla\/\" class=\"wp-image-308\"\/><\/a><\/figure><\/li><li class=\"blocks-gallery-item\"><figure><a href=\"https:\/\/www.askla.es\/wp-content\/uploads\/2020\/09\/clavo-01-creaciones-askla.jpg\"><img loading=\"lazy\" decoding=\"async\" width=\"1000\" height=\"1000\" src=\"https:\/\/www.askla.es\/wp-content\/uploads\/2020\/09\/clavo-01-creaciones-askla.jpg\" alt=\"clavo-01-creaciones-askla\" data-id=\"298\" data-full-url=\"https:\/\/www.askla.es\/wp-content\/uploads\/2020\/09\/clavo-01-creaciones-askla.jpg\" data-link=\"https:\/\/www.askla.es\/clavo-01-creaciones-askla\/\" class=\"wp-image-298\"\/><\/a><\/figure><\/li><li class=\"blocks-gallery-item\"><figure><a href=\"https:\/\/www.askla.es\/wp-content\/uploads\/2020\/09\/tarjetero-01-creaciones-askla.jpg\"><img loading=\"lazy\" decoding=\"async\" width=\"1000\" height=\"1000\" src=\"https:\/\/www.askla.es\/wp-content\/uploads\/2020\/09\/tarjetero-01-creaciones-askla.jpg\" alt=\"tarjetero-01-creaciones-askla\" data-id=\"307\" data-full-url=\"https:\/\/www.askla.es\/wp-content\/uploads\/2020\/09\/tarjetero-01-creaciones-askla.jpg\" data-link=\"https:\/\/www.askla.es\/tarjetero-01-creaciones-askla\/\" class=\"wp-image-307\"\/><\/a><\/figure><\/li><li class=\"blocks-gallery-item\"><figure><a href=\"https:\/\/www.askla.es\/wp-content\/uploads\/2020\/09\/lampara-04-creaciones-askla.jpg\"><img loading=\"lazy\" decoding=\"async\" width=\"1000\" height=\"1000\" src=\"https:\/\/www.askla.es\/wp-content\/uploads\/2020\/09\/lampara-04-creaciones-askla.jpg\" alt=\"lampara-04-creaciones-askla\" data-id=\"304\" data-full-url=\"https:\/\/www.askla.es\/wp-content\/uploads\/2020\/09\/lampara-04-creaciones-askla.jpg\" data-link=\"https:\/\/www.askla.es\/lampara-04-creaciones-askla\/\" class=\"wp-image-304\"\/><\/a><\/figure><\/li><li class=\"blocks-gallery-item\"><figure><a href=\"https:\/\/www.askla.es\/wp-content\/uploads\/2020\/09\/lampara-03-creaciones-askla.jpg\"><img loading=\"lazy\" decoding=\"async\" width=\"1000\" height=\"1000\" src=\"https:\/\/www.askla.es\/wp-content\/uploads\/2020\/09\/lampara-03-creaciones-askla.jpg\" alt=\"lampara-03-creaciones-askla\" data-id=\"303\" data-full-url=\"https:\/\/www.askla.es\/wp-content\/uploads\/2020\/09\/lampara-03-creaciones-askla.jpg\" data-link=\"https:\/\/www.askla.es\/lampara-03-creaciones-askla\/\" class=\"wp-image-303\"\/><\/a><\/figure><\/li><li class=\"blocks-gallery-item\"><figure><a href=\"https:\/\/www.askla.es\/wp-content\/uploads\/2020\/09\/lampara-02-creaciones-askla.jpg\"><img loading=\"lazy\" decoding=\"async\" width=\"1000\" height=\"1000\" src=\"https:\/\/www.askla.es\/wp-content\/uploads\/2020\/09\/lampara-02-creaciones-askla.jpg\" alt=\"lampara-02-creaciones-askla\" data-id=\"302\" data-full-url=\"https:\/\/www.askla.es\/wp-content\/uploads\/2020\/09\/lampara-02-creaciones-askla.jpg\" data-link=\"https:\/\/www.askla.es\/lampara-02-creaciones-askla\/\" class=\"wp-image-302\"\/><\/a><\/figure><\/li><li class=\"blocks-gallery-item\"><figure><a href=\"https:\/\/www.askla.es\/wp-content\/uploads\/2020\/09\/lampara-01-creaciones-askla.jpg\"><img loading=\"lazy\" decoding=\"async\" width=\"1000\" height=\"1000\" src=\"https:\/\/www.askla.es\/wp-content\/uploads\/2020\/09\/lampara-01-creaciones-askla.jpg\" alt=\"lampara-01-creaciones-askla\" data-id=\"301\" data-full-url=\"https:\/\/www.askla.es\/wp-content\/uploads\/2020\/09\/lampara-01-creaciones-askla.jpg\" data-link=\"https:\/\/www.askla.es\/lampara-01-creaciones-askla\/\" class=\"wp-image-301\"\/><\/a><\/figure><\/li><li class=\"blocks-gallery-item\"><figure><a href=\"https:\/\/www.askla.es\/wp-content\/uploads\/2020\/09\/joyero-02-creaciones-askla.jpg\"><img loading=\"lazy\" decoding=\"async\" width=\"1000\" height=\"1000\" src=\"https:\/\/www.askla.es\/wp-content\/uploads\/2020\/09\/joyero-02-creaciones-askla.jpg\" alt=\"joyero-02-creaciones-askla\" data-id=\"300\" data-full-url=\"https:\/\/www.askla.es\/wp-content\/uploads\/2020\/09\/joyero-02-creaciones-askla.jpg\" data-link=\"https:\/\/www.askla.es\/joyero-02-creaciones-askla\/\" class=\"wp-image-300\"\/><\/a><\/figure><\/li><li class=\"blocks-gallery-item\"><figure><a href=\"https:\/\/www.askla.es\/wp-content\/uploads\/2020\/09\/joyero-01-creaciones-askla.jpg\"><img loading=\"lazy\" decoding=\"async\" width=\"1000\" height=\"1000\" src=\"https:\/\/www.askla.es\/wp-content\/uploads\/2020\/09\/joyero-01-creaciones-askla.jpg\" alt=\"joyero-01-creaciones-askla\" data-id=\"299\" data-full-url=\"https:\/\/www.askla.es\/wp-content\/uploads\/2020\/09\/joyero-01-creaciones-askla.jpg\" data-link=\"https:\/\/www.askla.es\/joyero-01-creaciones-askla\/\" class=\"wp-image-299\"\/><\/a><\/figure><\/li><li class=\"blocks-gallery-item\"><figure><a href=\"https:\/\/www.askla.es\/wp-content\/uploads\/2020\/09\/estanteria-askla.jpg\"><img loading=\"lazy\" decoding=\"async\" width=\"1000\" height=\"1000\" src=\"https:\/\/www.askla.es\/wp-content\/uploads\/2020\/09\/estanteria-askla.jpg\" alt=\"estanteria-askla\" data-id=\"335\" data-full-url=\"https:\/\/www.askla.es\/wp-content\/uploads\/2020\/09\/estanteria-askla.jpg\" data-link=\"https:\/\/www.askla.es\/exposicion\/metamorfosis-de-gusano-a-mariposa\/estanteria-askla\/\" class=\"wp-image-335\"\/><\/a><\/figure><\/li><\/ul><\/figure>\n","protected":false},"excerpt":{"rendered":"<p>Cosecha de yo Asti pues beyer una mica de treballos reyalizados y dise\u00f1ados con o m\u00edo cu\u00f1o de Askla.Deng\u00fan proyeuto ye o mesmo que otri, cada ideya ye prexinada ta un puesto y una presona determinada. Cada creyaci\u00f3n tiene a suya esenzia.<\/p>\n","protected":false},"author":2,"featured_media":0,"parent":386,"menu_order":0,"comment_status":"closed","ping_status":"closed","template":"","meta":{"footnotes":""},"class_list":["post-363","page","type-page","status-publish","hentry"],"_links":{"self":[{"href":"https:\/\/www.askla.es\/an\/wp-json\/wp\/v2\/pages\/363","targetHints":{"allow":["GET"]}}],"collection":[{"href":"https:\/\/www.askla.es\/an\/wp-json\/wp\/v2\/pages"}],"about":[{"href":"https:\/\/www.askla.es\/an\/wp-json\/wp\/v2\/types\/page"}],"author":[{"embeddable":true,"href":"https:\/\/www.askla.es\/an\/wp-json\/wp\/v2\/users\/2"}],"replies":[{"embeddable":true,"href":"https:\/\/www.askla.es\/an\/wp-json\/wp\/v2\/comments?post=363"}],"version-history":[{"count":2,"href":"https:\/\/www.askla.es\/an\/wp-json\/wp\/v2\/pages\/363\/revisions"}],"predecessor-version":[{"id":365,"href":"https:\/\/www.askla.es\/an\/wp-json\/wp\/v2\/pages\/363\/revisions\/365"}],"up":[{"embeddable":true,"href":"https:\/\/www.askla.es\/an\/wp-json\/wp\/v2\/pages\/386"}],"wp:attachment":[{"href":"https:\/\/www.askla.es\/an\/wp-json\/wp\/v2\/media?parent=363"}],"curies":[{"name":"wp","href":"https:\/\/api.w.org\/{rel}","templated":true}]}}