{"id":358,"date":"2021-09-15T08:24:16","date_gmt":"2021-09-15T08:24:16","guid":{"rendered":"https:\/\/www.askla.es\/?page_id=358"},"modified":"2021-09-23T16:24:23","modified_gmt":"2021-09-23T16:24:23","slug":"te-cuento","status":"publish","type":"page","link":"https:\/\/www.askla.es\/an\/te-cuento\/","title":{"rendered":"Te cuento"},"content":{"rendered":"\n<p>Ola soi Pako!<\/p>\n\n\n\n<p>Bibo en Galve, un chicorr\u00f3n lugar de Teruel. Isto d\u00edxa que os m\u00edos diyas tiengan o inte y a enerx\u00eda que amenisto ta treballar en a creyaci\u00f3n con as m\u00edas mans de tot lo que puedas prexinar, m\u00e1s que m\u00e1s con fusta y fierro.<\/p>\n\n\n\n<p>Foi cosetas d\u00b4a brenca, altras, as esbiello, metiendo o m\u00edo esmo, cosa que me fa muito goyo\u00a0 poder rematar os prexins de otris.<\/p>\n\n\n\n<p>Estoi un simple artesan que mete a suya rasmia y o suyo coraz\u00f3n en o que fa.<\/p>\n\n\n\n<figure class=\"wp-block-gallery columns-3 is-cropped wp-block-gallery-1 is-layout-flex wp-block-gallery-is-layout-flex\"><ul class=\"blocks-gallery-grid\"><li class=\"blocks-gallery-item\"><figure><a href=\"https:\/\/www.askla.es\/wp-content\/uploads\/2020\/06\/cartel-askla.jpg\"><img loading=\"lazy\" decoding=\"async\" width=\"1000\" height=\"597\" src=\"https:\/\/www.askla.es\/wp-content\/uploads\/2020\/06\/cartel-askla.jpg\" alt=\"\" data-id=\"216\" data-full-url=\"https:\/\/www.askla.es\/wp-content\/uploads\/2020\/06\/cartel-askla.jpg\" data-link=\"https:\/\/www.askla.es\/trobanos\/cartel-askla\/\" class=\"wp-image-216\"\/><\/a><\/figure><\/li><li class=\"blocks-gallery-item\"><figure><a href=\"https:\/\/www.askla.es\/wp-content\/uploads\/2020\/06\/pako-askla.jpg\"><img loading=\"lazy\" decoding=\"async\" width=\"1000\" height=\"667\" src=\"https:\/\/www.askla.es\/wp-content\/uploads\/2020\/06\/pako-askla.jpg\" alt=\"\" data-id=\"218\" data-full-url=\"https:\/\/www.askla.es\/wp-content\/uploads\/2020\/06\/pako-askla.jpg\" data-link=\"https:\/\/www.askla.es\/trobanos\/pako-askla\/\" class=\"wp-image-218\"\/><\/a><\/figure><\/li><li class=\"blocks-gallery-item\"><figure><a href=\"https:\/\/www.askla.es\/wp-content\/uploads\/2020\/06\/galve-askla.jpg\"><img loading=\"lazy\" decoding=\"async\" width=\"1000\" height=\"666\" src=\"https:\/\/www.askla.es\/wp-content\/uploads\/2020\/06\/galve-askla.jpg\" alt=\"\" data-id=\"217\" data-full-url=\"https:\/\/www.askla.es\/wp-content\/uploads\/2020\/06\/galve-askla.jpg\" data-link=\"https:\/\/www.askla.es\/trobanos\/galve-askla\/\" class=\"wp-image-217\"\/><\/a><\/figure><\/li><\/ul><\/figure>\n","protected":false},"excerpt":{"rendered":"<p>Ola soi Pako! Bibo en Galve, un chicorr\u00f3n lugar de Teruel. Isto d\u00edxa que os m\u00edos diyas tiengan o inte y a enerx\u00eda que amenisto ta treballar en a creyaci\u00f3n con as m\u00edas mans de tot lo que puedas prexinar, m\u00e1s que m\u00e1s con fusta y fierro. Foi cosetas d\u00b4a brenca, altras, as esbiello, metiendo [&hellip;]<\/p>\n","protected":false},"author":2,"featured_media":0,"parent":0,"menu_order":0,"comment_status":"closed","ping_status":"closed","template":"","meta":{"footnotes":""},"class_list":["post-358","page","type-page","status-publish","hentry"],"_links":{"self":[{"href":"https:\/\/www.askla.es\/an\/wp-json\/wp\/v2\/pages\/358","targetHints":{"allow":["GET"]}}],"collection":[{"href":"https:\/\/www.askla.es\/an\/wp-json\/wp\/v2\/pages"}],"about":[{"href":"https:\/\/www.askla.es\/an\/wp-json\/wp\/v2\/types\/page"}],"author":[{"embeddable":true,"href":"https:\/\/www.askla.es\/an\/wp-json\/wp\/v2\/users\/2"}],"replies":[{"embeddable":true,"href":"https:\/\/www.askla.es\/an\/wp-json\/wp\/v2\/comments?post=358"}],"version-history":[{"count":4,"href":"https:\/\/www.askla.es\/an\/wp-json\/wp\/v2\/pages\/358\/revisions"}],"predecessor-version":[{"id":417,"href":"https:\/\/www.askla.es\/an\/wp-json\/wp\/v2\/pages\/358\/revisions\/417"}],"wp:attachment":[{"href":"https:\/\/www.askla.es\/an\/wp-json\/wp\/v2\/media?parent=358"}],"curies":[{"name":"wp","href":"https:\/\/api.w.org\/{rel}","templated":true}]}}